{"id":5135,"date":"2025-10-01T14:47:09","date_gmt":"2025-10-01T12:47:09","guid":{"rendered":"https:\/\/www.nadejezije.cz\/?page_id=5135"},"modified":"2025-11-20T12:35:33","modified_gmt":"2025-11-20T11:35:33","slug":"thank-you","status":"publish","type":"page","link":"https:\/\/www.nadejezije.cz\/en\/thank-you\/","title":{"rendered":"Thank you"},"content":{"rendered":"<div data-elementor-type=\"wp-page\" data-elementor-id=\"5135\" class=\"elementor elementor-5135\" data-elementor-post-type=\"page\">\n\t\t\t\t<div class=\"elementor-element elementor-element-3420c643 e-con-full e-flex e-con e-parent\" data-id=\"3420c643\" data-element_type=\"container\" data-e-type=\"container\">\n\t\t\t\t<div class=\"elementor-element elementor-element-d428dd7 elementor-widget elementor-widget-heading\" data-id=\"d428dd7\" data-element_type=\"widget\" data-e-type=\"widget\" data-widget_type=\"heading.default\">\n\t\t\t\t\t<h1 class=\"elementor-heading-title elementor-size-default\">Thank you for your registration!<\/h1>\t\t\t\t<\/div>\n\t\t\t\t<div data-dce-text-color=\"#000000\" class=\"elementor-element elementor-element-4eee875b elementor-widget__width-initial elementor-widget elementor-widget-text-editor\" data-id=\"4eee875b\" data-element_type=\"widget\" data-e-type=\"widget\" data-widget_type=\"text-editor.default\">\n\t\t\t\t\t\t\t\t\t<p class=\"p1\">Series records <i>Hope Lives<\/i> we are preparing for you right now.<\/p><p class=\"p2\"><span class=\"s1\">\ud83d\udc49 <\/span><b>The first episode will be published on November 21 at 18:00.<br \/><\/b><b><\/b><span class=\"s1\">\ud83d\udc49 <\/span><b>More episodes will be released every week - two new entries each time.<\/b><b><\/b><\/p><p class=\"p1\">As soon as they become available, we will send you a notification directly to your email.<\/p>\t\t\t\t\t\t\t\t<\/div>\n\t\t\t\t<div class=\"elementor-element elementor-element-3160c04 elementor-widget elementor-widget-heading\" data-id=\"3160c04\" data-element_type=\"widget\" data-e-type=\"widget\" data-widget_type=\"heading.default\">\n\t\t\t\t\t<h1 class=\"elementor-heading-title elementor-size-default\">Hope must be shared<\/h1>\t\t\t\t<\/div>\n\t\t\t\t<div data-dce-text-color=\"#000000\" class=\"elementor-element elementor-element-d782181 elementor-widget__width-initial elementor-widget elementor-widget-text-editor\" data-id=\"d782181\" data-element_type=\"widget\" data-e-type=\"widget\" data-widget_type=\"text-editor.default\">\n\t\t\t\t\t\t\t\t\t<p class=\"p1\">If you know someone who would like some encouragement and reassurance, send them a link to <i>Hope Lives<\/i>. A simple gesture can mean a lot.<\/p>\t\t\t\t\t\t\t\t<\/div>\n\t\t<div class=\"elementor-element elementor-element-5fde134 e-flex e-con-boxed e-con e-child\" data-id=\"5fde134\" data-element_type=\"container\" data-e-type=\"container\">\n\t\t\t\t\t<div class=\"e-con-inner\">\n\t\t\t\t<div class=\"elementor-element elementor-element-215330db elementor-widget elementor-widget-button\" data-id=\"215330db\" data-element_type=\"widget\" data-e-type=\"widget\" data-widget_type=\"button.default\">\n\t\t\t\t\t\t\t\t\t\t<a class=\"elementor-button elementor-button-link elementor-size-sm\" href=\"https:\/\/www.facebook.com\/sharer\/sharer.php?u=https:\/\/www.nadejezije.cz\" target=\"_blank\">\n\t\t\t\t\t\t<span class=\"elementor-button-content-wrapper\">\n\t\t\t\t\t\t\t\t\t<span class=\"elementor-button-text\">Share on Facebook<\/span>\n\t\t\t\t\t<\/span>\n\t\t\t\t\t<\/a>\n\t\t\t\t\t\t\t\t<\/div>\n\t\t\t\t<div class=\"elementor-element elementor-element-c259231 elementor-widget elementor-widget-button\" data-id=\"c259231\" data-element_type=\"widget\" data-e-type=\"widget\" data-widget_type=\"button.default\">\n\t\t\t\t\t\t\t\t\t\t<a class=\"elementor-button elementor-button-link elementor-size-sm\" href=\"https:\/\/www.nadejezije.cz\/wp-content\/uploads\/2025\/10\/Nadeje-zije-%E2%80%93-Brozura-1.pdf\" download=\"\">\n\t\t\t\t\t\t<span class=\"elementor-button-content-wrapper\">\n\t\t\t\t\t\t\t\t\t<span class=\"elementor-button-text\">Download the brochure<\/span>\n\t\t\t\t\t<\/span>\n\t\t\t\t\t<\/a>\n\t\t\t\t\t\t\t\t<\/div>\n\t\t\t\t<div class=\"elementor-element elementor-element-3c6a576 elementor-widget elementor-widget-button\" data-id=\"3c6a576\" data-element_type=\"widget\" data-e-type=\"widget\" data-widget_type=\"button.default\">\n\t\t\t\t\t\t\t\t\t\t<a class=\"elementor-button elementor-button-link elementor-size-sm\" href=\"https:\/\/www.nadejezije.cz\/en\/\">\n\t\t\t\t\t\t<span class=\"elementor-button-content-wrapper\">\n\t\t\t\t\t\t\t\t\t<span class=\"elementor-button-text\">Back to page<\/span>\n\t\t\t\t\t<\/span>\n\t\t\t\t\t<\/a>\n\t\t\t\t\t\t\t\t<\/div>\n\t\t\t\t\t<\/div>\n\t\t\t\t<\/div>\n\t\t\t\t<\/div>\n\t\t\t\t<\/div>","protected":false},"excerpt":{"rendered":"<p>D\u011bkujeme za Va\u0161i registraci! Z\u00e1znamy s\u00e9rie Nad\u011bje \u017eije pro V\u00e1s pr\u00e1v\u011b p\u0159ipravujeme. \ud83d\udc49 Prvn\u00ed d\u00edl bude zve\u0159ejn\u011bn 21. listopadu v 18:00.\ud83d\udc49 Dal\u0161\u00ed epizody budou vych\u00e1zet ka\u017ed\u00fd t\u00fdden \u2013 v\u017edy dva nov\u00e9 z\u00e1znamy. Jakmile budou dostupn\u00e9, po\u0161leme V\u00e1m upozorn\u011bn\u00ed p\u0159\u00edmo do e-mailu. Nad\u011bji je t\u0159eba sd\u00edlet Pokud zn\u00e1te n\u011bkoho, kdo by uv\u00edtal povzbuzen\u00ed a pocit jistoty, [&hellip;]<\/p>\n","protected":false},"author":1,"featured_media":5514,"parent":0,"menu_order":0,"comment_status":"closed","ping_status":"closed","template":"elementor_header_footer","meta":{"_acf_changed":false,"footnotes":""},"class_list":["post-5135","page","type-page","status-publish","has-post-thumbnail","hentry"],"acf":[],"_links":{"self":[{"href":"https:\/\/www.nadejezije.cz\/en\/wp-json\/wp\/v2\/pages\/5135","targetHints":{"allow":["GET"]}}],"collection":[{"href":"https:\/\/www.nadejezije.cz\/en\/wp-json\/wp\/v2\/pages"}],"about":[{"href":"https:\/\/www.nadejezije.cz\/en\/wp-json\/wp\/v2\/types\/page"}],"author":[{"embeddable":true,"href":"https:\/\/www.nadejezije.cz\/en\/wp-json\/wp\/v2\/users\/1"}],"replies":[{"embeddable":true,"href":"https:\/\/www.nadejezije.cz\/en\/wp-json\/wp\/v2\/comments?post=5135"}],"version-history":[{"count":65,"href":"https:\/\/www.nadejezije.cz\/en\/wp-json\/wp\/v2\/pages\/5135\/revisions"}],"predecessor-version":[{"id":6392,"href":"https:\/\/www.nadejezije.cz\/en\/wp-json\/wp\/v2\/pages\/5135\/revisions\/6392"}],"wp:featuredmedia":[{"embeddable":true,"href":"https:\/\/www.nadejezije.cz\/en\/wp-json\/wp\/v2\/media\/5514"}],"wp:attachment":[{"href":"https:\/\/www.nadejezije.cz\/en\/wp-json\/wp\/v2\/media?parent=5135"}],"curies":[{"name":"wp","href":"https:\/\/api.w.org\/{rel}","templated":true}]}}